{"id":7458,"date":"2025-07-07T09:42:41","date_gmt":"2025-07-07T07:42:41","guid":{"rendered":"https:\/\/catalanfood.com\/de\/?page_id=7458"},"modified":"2025-07-07T10:09:30","modified_gmt":"2025-07-07T08:09:30","slug":"erreichbarkeit","status":"publish","type":"page","link":"https:\/\/catalanfood.com\/de\/erreichbarkeit\/","title":{"rendered":"Erreichbarkeit"},"content":{"rendered":"\t\t<div data-elementor-type=\"wp-page\" data-elementor-id=\"7458\" class=\"elementor elementor-7458\" data-elementor-post-type=\"page\">\n\t\t\t\t<div class=\"elementor-element elementor-element-34bad1a e-flex e-con-boxed e-con e-parent\" data-id=\"34bad1a\" data-element_type=\"container\" data-e-type=\"container\">\n\t\t\t\t\t<div class=\"e-con-inner\">\n\t\t\t\t<div class=\"elementor-element elementor-element-a476e66 elementor-widget elementor-widget-text-editor\" data-id=\"a476e66\" data-element_type=\"widget\" data-e-type=\"widget\" data-widget_type=\"text-editor.default\">\n\t\t\t\t<div class=\"elementor-widget-container\">\n\t\t\t\t\t\t\t\t\t<h1>Vorl\u00e4ufige Zug\u00e4nglichkeit Aussage<\/h1><div id=\"dec-acc-introduction\" dir=\"ltr\"><h2 class=\"western\">Einleitung<\/h2><p>Promotora de Exportaciones Catalanas S.A. (PRODECA) engagiert sich ihre Website in \u00dcbereinstimmung mit den Bestimmungen\u00a0<span style=\"color: #000080;\"><u>von Royal Dekret 1112\/2018 vom 7. September \u00fcber die Zug\u00e4nglichkeit sektoralen Websites und mobilen Anwendungen<\/u><\/span>, die\u00a0<span style=\"color: #000080;\"><u>Umsetzung der Richtlinie (EU) 2016\/2102 des Europ\u00e4ischen Parlaments und des Rates vom 26. Oktober 2016<\/u><\/span>.<\/p><p>Diese Erkl\u00e4rung zur Barrierefreiheit gilt f\u00fcr die Website\u00a0<a href=\"https:\/\/catalanfood.com\/\">https:\/\/catalanfood.com<\/a>, Eingebettete Inhalte aus anderen Dom\u00e4nen ausschlie\u00dfen.<\/p><\/div><div id=\"dec-acc-compliance-situation\" dir=\"ltr\"><h2 class=\"western\">Status der Einhaltung<\/h2><p>Diese Website entspricht teilweise dem K\u00f6niglichen Dekret 1112\/2018 aufgrund der Nichteinhaltung der nachstehend genannten Aspekte in einer automatisch durchgef\u00fchrten Teil\u00fcberpr\u00fcfung identifiziert werden.<\/p><div id=\"dec-acc-site-compliance-detail\" dir=\"ltr\"><h3 class=\"western\">Nicht barrierefreie Inhalte<\/h3><div id=\"Secci\u00f3n1\" dir=\"ltr\"><p>Die unten aufgef\u00fchrten Inhalte sind nicht aus folgenden Gr\u00fcnden zug\u00e4nglich:<\/p><ol><li><h4 class=\"western\">Nichteinhaltung des K\u00f6niglichen Erlasses 1112\/2018<\/h4><ol><li><p>Gelegentlich k\u00f6nnen einige Links ihren spezifischen Zweck nicht textuell definiert haben [Anforderung Nummer 9.2.4.4 der Norm UNE-EN 301549:2022-03 Link Zweck (Im Kontext)].<\/p><\/li><li><p>Auf einigen Seiten kann es sein, dass doppelte Attribute und IDs [Anforderungsnummer 9.4.1.1 der Norm UNE-EN 301549:2022-03 Parsing].<\/p><\/li><li><p>Auf einigen Seiten wird die Benutzeroberfl\u00e4che Komponenten wie Formularelemente, Links und skriptgenerierte Komponenten nicht der von Leitlinien zur Barrierefreiheit [Anforderungsnummer 9.4.1.2 der Norm UNE-EN 301549:2022-03 Name, Rolle, Wert].<\/p><\/li><li><p>Auf einigen Seiten ist der Kontrast Das Verh\u00e4ltnis in Text oder Bildern darf nicht mindestens 4,5:1 betragen [Anforderung Nummer 9.1.4.3 der Norm UNE-EN 301549:2022-03 Kontrast (Minimum)].<\/p><\/li><\/ol><\/li><li><h4 class=\"western\">Unverh\u00e4ltnism\u00e4\u00dfige Belastung<\/h4><ol><li><p>Nicht zutreffend.<\/p><\/li><\/ol><\/li><li><h4 class=\"western\">Inhalte, die nicht in den Geltungsbereich der Anwendbares Recht<\/h4><ol><li><p>Office-Dateien in PDF und anderen Formate, die vor dem 20. September 2018 ver\u00f6ffentlicht wurden, k\u00f6nnen nicht alle Anforderungen an die Barrierefreiheit vollst\u00e4ndig erf\u00fcllen. Obwohl die Bem\u00fchungen wurden entwickelt, um sicherzustellen, dass die meisten von ihnen dies tun.<\/p><\/li><li><p>Es kann sich um Drittanbieter handeln Inhalte, die nicht von PRODECA entwickelt wurden oder nicht unter ihrer Kontrolle stehen, wie z.B. Office-Dateien.<\/p><\/li><li><p>Vorab aufgezeichnete Dateien ver\u00f6ffentlicht vor dem 20. September 2018 existieren k\u00f6nnen, die nicht alle Anforderungen an die Barrierefreiheit.<\/p><\/li><\/ol><\/li><\/ol><\/div><\/div><\/div><div id=\"dec-acc-declaration-preparation\" dir=\"ltr\"><h2 class=\"western\">Erstellung dieser vorl\u00e4ufigen Erkl\u00e4rung zur Barrierefreiheit<\/h2><p>Diese Erkl\u00e4rung wurde am 23.06.2025 erstellt.<\/p><p>Die Methode zur Erstellung der Erkl\u00e4rung war eine Selbsteinsch\u00e4tzung am 23.06.2025.<\/p><p>Letzte \u00dcberpr\u00fcfung der Erkl\u00e4rung: 23.06.2025.<\/p><\/div><div id=\"dec-acc-contact-info\" dir=\"ltr\"><h2 class=\"western\">Beobachtungen und Kontaktdaten<\/h2><p>Sie k\u00f6nnen Mitteilungen zu Anforderungen an die Barrierefreiheit machen (Artikel 10.2.a des RD 1112\/2018) wie:<\/p><ul><li><p>Meldung beliebig m\u00f6glich Nichteinhaltung durch diese Website.<\/p><\/li><li><p>Kommunikation anderer Schwierigkeiten beim Zugriff auf Inhalte.<\/p><\/li><li><p>Wenn Sie eine andere Anfrage einreichen oder Verbesserungsvorschl\u00e4ge in Bezug auf die Barrierefreiheit der Website.<\/p><\/li><\/ul><p>F\u00fcr diese Kommunikation stehen die folgenden Kan\u00e4le zur Verf\u00fcgung:<\/p><ul><li><p>Formular:\u00a0<a href=\"https:\/\/ovt.gencat.cat\/gsitfc\/AppJava\/generic\/conqxsGeneric.do?topicLevel1.id=500&amp;topicLevel2.id=20523&amp;webFormId=391&amp;set-locale=ca_ES\"><span style=\"color: #000080;\"><u>Kontakt Form<\/u><\/span><\/a><\/p><\/li><\/ul><p>Gem\u00e4\u00df Artikel 10.2.b des RD 1112\/2018 k\u00f6nnen Sie auch Senden:<\/p><ul><li><p>Eine Beschwerde \u00fcber die Einhaltung der Vorschriften mit den Anforderungen des RD 1112\/2018.<\/p><\/li><li><p>Ein Antrag auf barrierefreie Informationen \u00fcber:<\/p><ul><li><p>Vom Anwendungsbereich ausgeschlossene Inhalte des RD 1112\/2018 gem\u00e4\u00df Artikel 3 Absatz 4.<\/p><\/li><li><p>Inhalte, die von der Barrierefreiheitsanforderungen aufgrund der Auferlegung eines unverh\u00e4ltnism\u00e4\u00dfigen B\u00fcrde.<\/p><\/li><\/ul><\/li><\/ul><p>In dem Antrag auf zug\u00e4ngliche Informationen werden die Tatsachen, Gr\u00fcnde, und der Antrag muss klar spezifiziert werden, um sicherzustellen, dass es sich um einen angemessene und legitime Anfrage.<\/p><p>Anfragen nach zug\u00e4nglichen Informationen und Beschwerden k\u00f6nnen eingereicht \u00fcber\u00a0<a href=\"https:\/\/web.gencat.cat\/es\/tramits\/tramits-temes\/Continguts-accessibles-al-web?moda=1\">Request zug\u00e4ngliche Informationen zu erhalten oder eine Beschwerde einzureichen<\/a>, sowie die anderen Optionen, die im Gesetz 39\/2015 vom 1. Oktober 2015 \u00fcber die Gemeinsames Verwaltungsverfahren der \u00f6ffentlichen Verwaltungen.<\/p><p>Mitteilungen, Beschwerden und Antr\u00e4ge auf Informationen werden von der Zug\u00e4nglichkeitsbeh\u00f6rde empfangen und verarbeitet. Zust\u00e4ndiges Referat der Generaldirektion B\u00fcrgerdienste, des Ministeriums f\u00fcr Vizepr\u00e4sidentschaft, Wirtschaft und Finanzen.<\/p><\/div><div id=\"dec-acc-claim-procedure\" dir=\"ltr\"><h2 class=\"western\">Anspruch Verfahren<\/h2><p>Wenn nach einem Antrag auf zug\u00e4ngliche Informationen oder einer Beschwerde erlassen worden ist, ist sie zur\u00fcckgewiesen, wenn der erlassenen Entscheidung oder wenn die Antwort nicht den Anforderungen des Artikels 12.5 kann die interessierte Person Initiieren Sie einen Anspruch. Ein Anspruch kann auch erhoben werden, wenn der Zeitraum Zwanzig Arbeitstage sind verstrichen, ohne dass eine Antwort eingegangen ist.<\/p><p>Die Reklamation kann \u00fcber\u00a0<a href=\"https:\/\/web.gencat.cat\/es\/tramits\/tramits-temes\/Continguts-accessibles-al-web?category=&amp;moda=2\"><span style=\"color: #000080;\"><u>die Reklamation eingereicht werden eine Anfrage<\/u><\/span><\/a>\u00a0sowie \u00fcber die anderen Gesetz 39\/2015 vom 1. Oktober 2015 \u00fcber die gemeinsame Verfahren der \u00f6ffentlichen Verwaltungen.<\/p><p>Antr\u00e4ge werden von der Barrierefreiheit entgegengenommen und bearbeitet. Zust\u00e4ndiges Referat der Generaldirektion B\u00fcrgerdienste, des Ministeriums f\u00fcr Vizepr\u00e4sidentschaft, Wirtschaft und Finanzen.<\/p><\/div>\t\t\t\t\t\t\t\t<\/div>\n\t\t\t\t<\/div>\n\t\t\t\t\t<\/div>\n\t\t\t\t<\/div>\n\t\t\t\t<\/div>\n\t\t","protected":false},"excerpt":{"rendered":"<p>Vorl\u00e4ufige Zug\u00e4nglichkeit Aussage Einleitung Promotora de Exportaciones Catalanas S.A. (PRODECA) engagiert sich ihre Website in \u00dcbereinstimmung mit den Bestimmungen\u00a0von Royal Dekret 1112\/2018 vom 7. September \u00fcber die Zug\u00e4nglichkeit sektoralen Websites und mobilen Anwendungen, die\u00a0Umsetzung der Richtlinie (EU) 2016\/2102 des Europ\u00e4ischen Parlaments und des Rates vom 26. Oktober 2016. Diese Erkl\u00e4rung zur Barrierefreiheit gilt f\u00fcr die [&hellip;]<\/p>\n","protected":false},"author":4,"featured_media":0,"parent":0,"menu_order":0,"comment_status":"closed","ping_status":"closed","template":"","meta":{"_acf_changed":false,"footnotes":""},"class_list":["post-7458","page","type-page","status-publish","hentry"],"acf":[],"yoast_head":"<!-- This site is optimized with the Yoast SEO plugin v27.1.1 - https:\/\/yoast.com\/product\/yoast-seo-wordpress\/ -->\n<title>Erreichbarkeit | Catalan Food DE<\/title>\n<meta name=\"robots\" content=\"index, follow, max-snippet:-1, max-image-preview:large, max-video-preview:-1\" \/>\n<link rel=\"canonical\" href=\"https:\/\/catalanfood.com\/de\/erreichbarkeit\/\" \/>\n<meta property=\"og:locale\" content=\"en_GB\" \/>\n<meta property=\"og:type\" content=\"article\" \/>\n<meta property=\"og:title\" content=\"Erreichbarkeit | Catalan Food DE\" \/>\n<meta property=\"og:description\" content=\"Vorl\u00e4ufige Zug\u00e4nglichkeit Aussage Einleitung Promotora de Exportaciones Catalanas S.A. (PRODECA) engagiert sich ihre Website in \u00dcbereinstimmung mit den Bestimmungen\u00a0von Royal Dekret 1112\/2018 vom 7. September \u00fcber die Zug\u00e4nglichkeit sektoralen Websites und mobilen Anwendungen, die\u00a0Umsetzung der Richtlinie (EU) 2016\/2102 des Europ\u00e4ischen Parlaments und des Rates vom 26. Oktober 2016. Diese Erkl\u00e4rung zur Barrierefreiheit gilt f\u00fcr die [&hellip;]\" \/>\n<meta property=\"og:url\" content=\"https:\/\/catalanfood.com\/de\/erreichbarkeit\/\" \/>\n<meta property=\"og:site_name\" content=\"Catalan Food DE\" \/>\n<meta property=\"article:modified_time\" content=\"2025-07-07T08:09:30+00:00\" \/>\n<meta name=\"twitter:card\" content=\"summary_large_image\" \/>\n<meta name=\"twitter:label1\" content=\"Estimated reading time\" \/>\n\t<meta name=\"twitter:data1\" content=\"3 minutes\" \/>\n<script type=\"application\/ld+json\" class=\"yoast-schema-graph\">{\"@context\":\"https:\/\/schema.org\",\"@graph\":[{\"@type\":\"WebPage\",\"@id\":\"https:\/\/catalanfood.com\/de\/erreichbarkeit\/\",\"url\":\"https:\/\/catalanfood.com\/de\/erreichbarkeit\/\",\"name\":\"Erreichbarkeit | Catalan Food DE\",\"isPartOf\":{\"@id\":\"https:\/\/catalanfood.com\/de\/#website\"},\"datePublished\":\"2025-07-07T07:42:41+00:00\",\"dateModified\":\"2025-07-07T08:09:30+00:00\",\"breadcrumb\":{\"@id\":\"https:\/\/catalanfood.com\/de\/erreichbarkeit\/#breadcrumb\"},\"inLanguage\":\"en-GB\",\"potentialAction\":[{\"@type\":\"ReadAction\",\"target\":[\"https:\/\/catalanfood.com\/de\/erreichbarkeit\/\"]}]},{\"@type\":\"BreadcrumbList\",\"@id\":\"https:\/\/catalanfood.com\/de\/erreichbarkeit\/#breadcrumb\",\"itemListElement\":[{\"@type\":\"ListItem\",\"position\":1,\"name\":\"Home\",\"item\":\"https:\/\/catalanfood.com\/de\/\"},{\"@type\":\"ListItem\",\"position\":2,\"name\":\"Erreichbarkeit\"}]},{\"@type\":\"WebSite\",\"@id\":\"https:\/\/catalanfood.com\/de\/#website\",\"url\":\"https:\/\/catalanfood.com\/de\/\",\"name\":\"Catalan Food DE\",\"description\":\"\",\"potentialAction\":[{\"@type\":\"SearchAction\",\"target\":{\"@type\":\"EntryPoint\",\"urlTemplate\":\"https:\/\/catalanfood.com\/de\/?s={search_term_string}\"},\"query-input\":{\"@type\":\"PropertyValueSpecification\",\"valueRequired\":true,\"valueName\":\"search_term_string\"}}],\"inLanguage\":\"en-GB\"}]}<\/script>\n<!-- \/ Yoast SEO plugin. -->","yoast_head_json":{"title":"Erreichbarkeit | Catalan Food DE","robots":{"index":"index","follow":"follow","max-snippet":"max-snippet:-1","max-image-preview":"max-image-preview:large","max-video-preview":"max-video-preview:-1"},"canonical":"https:\/\/catalanfood.com\/de\/erreichbarkeit\/","og_locale":"en_GB","og_type":"article","og_title":"Erreichbarkeit | Catalan Food DE","og_description":"Vorl\u00e4ufige Zug\u00e4nglichkeit Aussage Einleitung Promotora de Exportaciones Catalanas S.A. (PRODECA) engagiert sich ihre Website in \u00dcbereinstimmung mit den Bestimmungen\u00a0von Royal Dekret 1112\/2018 vom 7. September \u00fcber die Zug\u00e4nglichkeit sektoralen Websites und mobilen Anwendungen, die\u00a0Umsetzung der Richtlinie (EU) 2016\/2102 des Europ\u00e4ischen Parlaments und des Rates vom 26. Oktober 2016. Diese Erkl\u00e4rung zur Barrierefreiheit gilt f\u00fcr die [&hellip;]","og_url":"https:\/\/catalanfood.com\/de\/erreichbarkeit\/","og_site_name":"Catalan Food DE","article_modified_time":"2025-07-07T08:09:30+00:00","twitter_card":"summary_large_image","twitter_misc":{"Estimated reading time":"3 minutes"},"schema":{"@context":"https:\/\/schema.org","@graph":[{"@type":"WebPage","@id":"https:\/\/catalanfood.com\/de\/erreichbarkeit\/","url":"https:\/\/catalanfood.com\/de\/erreichbarkeit\/","name":"Erreichbarkeit | Catalan Food DE","isPartOf":{"@id":"https:\/\/catalanfood.com\/de\/#website"},"datePublished":"2025-07-07T07:42:41+00:00","dateModified":"2025-07-07T08:09:30+00:00","breadcrumb":{"@id":"https:\/\/catalanfood.com\/de\/erreichbarkeit\/#breadcrumb"},"inLanguage":"en-GB","potentialAction":[{"@type":"ReadAction","target":["https:\/\/catalanfood.com\/de\/erreichbarkeit\/"]}]},{"@type":"BreadcrumbList","@id":"https:\/\/catalanfood.com\/de\/erreichbarkeit\/#breadcrumb","itemListElement":[{"@type":"ListItem","position":1,"name":"Home","item":"https:\/\/catalanfood.com\/de\/"},{"@type":"ListItem","position":2,"name":"Erreichbarkeit"}]},{"@type":"WebSite","@id":"https:\/\/catalanfood.com\/de\/#website","url":"https:\/\/catalanfood.com\/de\/","name":"Catalan Food DE","description":"","potentialAction":[{"@type":"SearchAction","target":{"@type":"EntryPoint","urlTemplate":"https:\/\/catalanfood.com\/de\/?s={search_term_string}"},"query-input":{"@type":"PropertyValueSpecification","valueRequired":true,"valueName":"search_term_string"}}],"inLanguage":"en-GB"}]}},"_links":{"self":[{"href":"https:\/\/catalanfood.com\/de\/wp-json\/wp\/v2\/pages\/7458","targetHints":{"allow":["GET"]}}],"collection":[{"href":"https:\/\/catalanfood.com\/de\/wp-json\/wp\/v2\/pages"}],"about":[{"href":"https:\/\/catalanfood.com\/de\/wp-json\/wp\/v2\/types\/page"}],"author":[{"embeddable":true,"href":"https:\/\/catalanfood.com\/de\/wp-json\/wp\/v2\/users\/4"}],"replies":[{"embeddable":true,"href":"https:\/\/catalanfood.com\/de\/wp-json\/wp\/v2\/comments?post=7458"}],"version-history":[{"count":6,"href":"https:\/\/catalanfood.com\/de\/wp-json\/wp\/v2\/pages\/7458\/revisions"}],"predecessor-version":[{"id":7464,"href":"https:\/\/catalanfood.com\/de\/wp-json\/wp\/v2\/pages\/7458\/revisions\/7464"}],"wp:attachment":[{"href":"https:\/\/catalanfood.com\/de\/wp-json\/wp\/v2\/media?parent=7458"}],"curies":[{"name":"wp","href":"https:\/\/api.w.org\/{rel}","templated":true}]}}